{"id":5778,"date":"2022-08-24T09:35:53","date_gmt":"2022-08-24T08:35:53","guid":{"rendered":"https:\/\/lojamoto4.com\/index.php\/produto\/pneu-terache-atlas-27x11-14\/"},"modified":"2026-04-09T05:04:16","modified_gmt":"2026-04-09T04:04:16","slug":"pneu-terache-atlas-27x11-14","status":"publish","type":"product","link":"https:\/\/lojamoto4.com\/?product=pneu-terache-atlas-27x11-14","title":{"rendered":"Pneu Terache Atlas 27&#215;11-14"},"content":{"rendered":"","protected":false},"excerpt":{"rendered":"<p>Recebe no pr\u00f3ximo dia \u00fatil (para pedidos confirmados at\u00e9 \u00e0s 16 horas)<\/p>\n","protected":false},"featured_media":7394,"template":"","meta":{"om_disable_all_campaigns":false,"site-sidebar-layout":"default","site-content-layout":"default","ast-site-content-layout":"default","site-content-style":"default","site-sidebar-style":"default","ast-global-header-display":"","ast-banner-title-visibility":"","ast-main-header-display":"","ast-hfb-above-header-display":"","ast-hfb-below-header-display":"","ast-hfb-mobile-header-display":"","site-post-title":"","ast-breadcrumbs-content":"","ast-featured-img":"","footer-sml-layout":"","ast-disable-related-posts":"","theme-transparent-header-meta":"default","adv-header-id-meta":"","stick-header-meta":"default","header-above-stick-meta":"","header-main-stick-meta":"","header-below-stick-meta":"","astra-migrate-meta-layouts":"default","ast-page-background-enabled":"default","ast-page-background-meta":{"desktop":{"background-color":"var(--ast-global-color-4)","background-image":"","background-repeat":"repeat","background-position":"center center","background-size":"auto","background-attachment":"scroll","background-type":"","background-media":"","overlay-type":"","overlay-color":"","overlay-opacity":"","overlay-gradient":""},"tablet":{"background-color":"","background-image":"","background-repeat":"repeat","background-position":"center center","background-size":"auto","background-attachment":"scroll","background-type":"","background-media":"","overlay-type":"","overlay-color":"","overlay-opacity":"","overlay-gradient":""},"mobile":{"background-color":"","background-image":"","background-repeat":"repeat","background-position":"center center","background-size":"auto","background-attachment":"scroll","background-type":"","background-media":"","overlay-type":"","overlay-color":"","overlay-opacity":"","overlay-gradient":""}},"ast-content-background-meta":{"desktop":{"background-color":"var(--ast-global-color-5)","background-image":"","background-repeat":"repeat","background-position":"center center","background-size":"auto","background-attachment":"scroll","background-type":"","background-media":"","overlay-type":"","overlay-color":"","overlay-opacity":"","overlay-gradient":""},"tablet":{"background-color":"var(--ast-global-color-5)","background-image":"","background-repeat":"repeat","background-position":"center center","background-size":"auto","background-attachment":"scroll","background-type":"","background-media":"","overlay-type":"","overlay-color":"","overlay-opacity":"","overlay-gradient":""},"mobile":{"background-color":"var(--ast-global-color-5)","background-image":"","background-repeat":"repeat","background-position":"center center","background-size":"auto","background-attachment":"scroll","background-type":"","background-media":"","overlay-type":"","overlay-color":"","overlay-opacity":"","overlay-gradient":""}},"_joinchat":[]},"product_brand":[],"product_cat":[1582,1587,1586],"product_tag":[1180],"berocket_brand":[1344],"class_list":{"0":"post-5778","1":"product","2":"type-product","3":"status-publish","4":"has-post-thumbnail","6":"product_cat-neumaticos","7":"product_cat-quad-atv-quad-atv-neumaticos","8":"product_cat-quad-atv-neumaticos","9":"product_tag-terache","10":"berocket_brand-terache","11":"desktop-align-left","12":"tablet-align-left","13":"mobile-align-left","15":"first","16":"outofstock","17":"taxable","18":"shipping-taxable","19":"purchasable","20":"product-type-simple"},"aioseo_notices":[],"_links":{"self":[{"href":"https:\/\/lojamoto4.com\/index.php?rest_route=\/wp\/v2\/product\/5778","targetHints":{"allow":["GET"]}}],"collection":[{"href":"https:\/\/lojamoto4.com\/index.php?rest_route=\/wp\/v2\/product"}],"about":[{"href":"https:\/\/lojamoto4.com\/index.php?rest_route=\/wp\/v2\/types\/product"}],"wp:featuredmedia":[{"embeddable":true,"href":"https:\/\/lojamoto4.com\/index.php?rest_route=\/wp\/v2\/media\/7394"}],"wp:attachment":[{"href":"https:\/\/lojamoto4.com\/index.php?rest_route=%2Fwp%2Fv2%2Fmedia&parent=5778"}],"wp:term":[{"taxonomy":"product_brand","embeddable":true,"href":"https:\/\/lojamoto4.com\/index.php?rest_route=%2Fwp%2Fv2%2Fproduct_brand&post=5778"},{"taxonomy":"product_cat","embeddable":true,"href":"https:\/\/lojamoto4.com\/index.php?rest_route=%2Fwp%2Fv2%2Fproduct_cat&post=5778"},{"taxonomy":"product_tag","embeddable":true,"href":"https:\/\/lojamoto4.com\/index.php?rest_route=%2Fwp%2Fv2%2Fproduct_tag&post=5778"},{"taxonomy":"berocket_brand","embeddable":true,"href":"https:\/\/lojamoto4.com\/index.php?rest_route=%2Fwp%2Fv2%2Fberocket_brand&post=5778"}],"curies":[{"name":"wp","href":"https:\/\/api.w.org\/{rel}","templated":true}]}}