{"id":3115,"date":"2022-02-27T11:37:36","date_gmt":"2022-02-27T11:37:36","guid":{"rendered":"https:\/\/lojamoto4.com\/index.php\/produto\/oculos-progrip-3200-197-fl-vermelho-e-azul\/"},"modified":"2026-05-13T05:04:53","modified_gmt":"2026-05-13T04:04:53","slug":"oculos-progrip-3200-197-fl-vermelho-e-azul","status":"publish","type":"product","link":"https:\/\/lojamoto4.com\/?product=oculos-progrip-3200-197-fl-vermelho-e-azul","title":{"rendered":"\u00d3culos PROGRIP 3200-197 FL Vermelho e Azul"},"content":{"rendered":"<p>Lentes com 1mm de espessura.<\/p>\n<p>Prote\u00e7\u00e3o UV.<\/p>\n<p>Prote\u00e7\u00e3o Anti-Riscos.<\/p>\n<p>Tecnologia de lente ANTEMBA\u00c7AMENTO patenteada da Progrip.<\/p>\n<p>Espuma de dupla densidade com veludo imperme\u00e1vel e colorido.<\/p>\n<p>Encaixe para sistema Tear-Off integrados.<\/p>\n<p>El\u00e1stico com banda de silicone anti-derrapante.<\/p>\n<p>Espuma pr\u00e9-cortada acima da lente e canais \u00e0 medida da lente.<\/p>\n<p>Homologa\u00e7\u00e3o: CE-EN AC-96025 REV. 3.<\/p>\n<p>Arma\u00e7\u00e3o de TPU: evita a distor\u00e7\u00e3o da arma\u00e7\u00e3o e ajuda a obter um ajuste perfeito.<\/p>\n<p>Lente: Revestimento resistente a arranh\u00f5es na lente para uma vis\u00e3o imbat\u00edvel.<\/p>\n<p>Espuma: espuma de camada tripla super macia para absor\u00e7\u00e3o de umidade superior.<\/p>\n<p>Al\u00e7a: Al\u00e7a ajust\u00e1vel de alta qualidade com silicone anti-derrapante<\/p>\n<p>Ventila\u00e7\u00e3o: O fluxo de ar direcional elimina a condensa\u00e7\u00e3o do ar e mant\u00e9m a vis\u00e3o n\u00edtida.<\/p>\n<p>Acess\u00f3rios: bolsa de \u00f3culos, pano de limpeza.<\/p>\n","protected":false},"excerpt":{"rendered":"<p>Recebe entre 2 a 3 dias \u00fateis<\/p>\n","protected":false},"featured_media":2042,"template":"","meta":{"om_disable_all_campaigns":false,"site-sidebar-layout":"default","site-content-layout":"","ast-site-content-layout":"default","site-content-style":"default","site-sidebar-style":"default","ast-global-header-display":"","ast-banner-title-visibility":"","ast-main-header-display":"","ast-hfb-above-header-display":"","ast-hfb-below-header-display":"","ast-hfb-mobile-header-display":"","site-post-title":"","ast-breadcrumbs-content":"","ast-featured-img":"","footer-sml-layout":"","ast-disable-related-posts":"","theme-transparent-header-meta":"","adv-header-id-meta":"","stick-header-meta":"","header-above-stick-meta":"","header-main-stick-meta":"","header-below-stick-meta":"","astra-migrate-meta-layouts":"default","ast-page-background-enabled":"default","ast-page-background-meta":{"desktop":{"background-color":"var(--ast-global-color-4)","background-image":"","background-repeat":"repeat","background-position":"center center","background-size":"auto","background-attachment":"scroll","background-type":"","background-media":"","overlay-type":"","overlay-color":"","overlay-opacity":"","overlay-gradient":""},"tablet":{"background-color":"","background-image":"","background-repeat":"repeat","background-position":"center center","background-size":"auto","background-attachment":"scroll","background-type":"","background-media":"","overlay-type":"","overlay-color":"","overlay-opacity":"","overlay-gradient":""},"mobile":{"background-color":"","background-image":"","background-repeat":"repeat","background-position":"center center","background-size":"auto","background-attachment":"scroll","background-type":"","background-media":"","overlay-type":"","overlay-color":"","overlay-opacity":"","overlay-gradient":""}},"ast-content-background-meta":{"desktop":{"background-color":"var(--ast-global-color-5)","background-image":"","background-repeat":"repeat","background-position":"center center","background-size":"auto","background-attachment":"scroll","background-type":"","background-media":"","overlay-type":"","overlay-color":"","overlay-opacity":"","overlay-gradient":""},"tablet":{"background-color":"var(--ast-global-color-5)","background-image":"","background-repeat":"repeat","background-position":"center center","background-size":"auto","background-attachment":"scroll","background-type":"","background-media":"","overlay-type":"","overlay-color":"","overlay-opacity":"","overlay-gradient":""},"mobile":{"background-color":"var(--ast-global-color-5)","background-image":"","background-repeat":"repeat","background-position":"center center","background-size":"auto","background-attachment":"scroll","background-type":"","background-media":"","overlay-type":"","overlay-color":"","overlay-opacity":"","overlay-gradient":""}},"_joinchat":[]},"product_brand":[],"product_cat":[1143],"product_tag":[],"berocket_brand":[],"class_list":{"0":"post-3115","1":"product","2":"type-product","3":"status-publish","4":"has-post-thumbnail","6":"product_cat-oculos","7":"desktop-align-left","8":"tablet-align-left","9":"mobile-align-left","11":"first","12":"outofstock","13":"taxable","14":"shipping-taxable","15":"purchasable","16":"product-type-simple"},"aioseo_notices":[],"_links":{"self":[{"href":"https:\/\/lojamoto4.com\/index.php?rest_route=\/wp\/v2\/product\/3115","targetHints":{"allow":["GET"]}}],"collection":[{"href":"https:\/\/lojamoto4.com\/index.php?rest_route=\/wp\/v2\/product"}],"about":[{"href":"https:\/\/lojamoto4.com\/index.php?rest_route=\/wp\/v2\/types\/product"}],"wp:featuredmedia":[{"embeddable":true,"href":"https:\/\/lojamoto4.com\/index.php?rest_route=\/wp\/v2\/media\/2042"}],"wp:attachment":[{"href":"https:\/\/lojamoto4.com\/index.php?rest_route=%2Fwp%2Fv2%2Fmedia&parent=3115"}],"wp:term":[{"taxonomy":"product_brand","embeddable":true,"href":"https:\/\/lojamoto4.com\/index.php?rest_route=%2Fwp%2Fv2%2Fproduct_brand&post=3115"},{"taxonomy":"product_cat","embeddable":true,"href":"https:\/\/lojamoto4.com\/index.php?rest_route=%2Fwp%2Fv2%2Fproduct_cat&post=3115"},{"taxonomy":"product_tag","embeddable":true,"href":"https:\/\/lojamoto4.com\/index.php?rest_route=%2Fwp%2Fv2%2Fproduct_tag&post=3115"},{"taxonomy":"berocket_brand","embeddable":true,"href":"https:\/\/lojamoto4.com\/index.php?rest_route=%2Fwp%2Fv2%2Fberocket_brand&post=3115"}],"curies":[{"name":"wp","href":"https:\/\/api.w.org\/{rel}","templated":true}]}}