{"id":3007,"date":"2022-02-26T16:38:24","date_gmt":"2022-02-26T16:38:24","guid":{"rendered":"https:\/\/lojamoto4.com\/index.php\/produto\/pneu-maxxis-razr2-m933-23x7-10\/"},"modified":"2026-05-13T05:02:58","modified_gmt":"2026-05-13T04:02:58","slug":"pneu-maxxis-razr2-m933-23x7-10","status":"publish","type":"product","link":"https:\/\/lojamoto4.com\/?product=pneu-maxxis-razr2-m933-23x7-10","title":{"rendered":"PNEU MAXXIS Razr2 M933 23&#215;7-10"},"content":{"rendered":"<p><!--StartFragment--><\/p>\n<p style=\"text-align: justify;\"><font style=\"color: rgb(99, 99, 99)\"><\/font><\/p>\n<p style=\"text-align: left;\">\n<p><!--StartFragment--><span id=\"docs-internal-guid-907c702e-e08c-b21d-9ec4-f448e330455a\"><span style=\"background-color: transparent;\">O <\/span><span style=\"background-color: transparent;\"><b>Maxxis Razr2<\/b><\/span><span style=\"background-color: transparent;\"> \u00e9 um pneu com uma forte estrutura de 6 telas e que tem uma tra\u00e7\u00e3o invej\u00e1vel numa grande variedade de terrenos, no entanto, \u00e9 em condi\u00e7\u00f5es interm\u00e9dias, lamacentas ou dedureza extrema que ele \u201cse sente em casa\u201d. A profundidade do piso do <\/span><span style=\"background-color: transparent;\"><b>Maxxis Razr2<\/b><\/span><span style=\"background-color: transparent;\"> e as laterais anguladas oferecem uma melhor dire\u00e7\u00e3o e controle em travagem.<\/span><\/span><!--EndFragment--><\/p>\n","protected":false},"excerpt":{"rendered":"<p>Recebe no pr\u00f3ximo dia \u00fatil (para pedidos confirmados at\u00e9 \u00e0s 16 horas)<\/p>\n","protected":false},"featured_media":1152,"template":"","meta":{"om_disable_all_campaigns":false,"site-sidebar-layout":"default","site-content-layout":"","ast-site-content-layout":"default","site-content-style":"default","site-sidebar-style":"default","ast-global-header-display":"","ast-banner-title-visibility":"","ast-main-header-display":"","ast-hfb-above-header-display":"","ast-hfb-below-header-display":"","ast-hfb-mobile-header-display":"","site-post-title":"","ast-breadcrumbs-content":"","ast-featured-img":"","footer-sml-layout":"","ast-disable-related-posts":"","theme-transparent-header-meta":"","adv-header-id-meta":"","stick-header-meta":"","header-above-stick-meta":"","header-main-stick-meta":"","header-below-stick-meta":"","astra-migrate-meta-layouts":"default","ast-page-background-enabled":"default","ast-page-background-meta":{"desktop":{"background-color":"var(--ast-global-color-4)","background-image":"","background-repeat":"repeat","background-position":"center center","background-size":"auto","background-attachment":"scroll","background-type":"","background-media":"","overlay-type":"","overlay-color":"","overlay-opacity":"","overlay-gradient":""},"tablet":{"background-color":"","background-image":"","background-repeat":"repeat","background-position":"center center","background-size":"auto","background-attachment":"scroll","background-type":"","background-media":"","overlay-type":"","overlay-color":"","overlay-opacity":"","overlay-gradient":""},"mobile":{"background-color":"","background-image":"","background-repeat":"repeat","background-position":"center center","background-size":"auto","background-attachment":"scroll","background-type":"","background-media":"","overlay-type":"","overlay-color":"","overlay-opacity":"","overlay-gradient":""}},"ast-content-background-meta":{"desktop":{"background-color":"var(--ast-global-color-5)","background-image":"","background-repeat":"repeat","background-position":"center center","background-size":"auto","background-attachment":"scroll","background-type":"","background-media":"","overlay-type":"","overlay-color":"","overlay-opacity":"","overlay-gradient":""},"tablet":{"background-color":"var(--ast-global-color-5)","background-image":"","background-repeat":"repeat","background-position":"center center","background-size":"auto","background-attachment":"scroll","background-type":"","background-media":"","overlay-type":"","overlay-color":"","overlay-opacity":"","overlay-gradient":""},"mobile":{"background-color":"var(--ast-global-color-5)","background-image":"","background-repeat":"repeat","background-position":"center center","background-size":"auto","background-attachment":"scroll","background-type":"","background-media":"","overlay-type":"","overlay-color":"","overlay-opacity":"","overlay-gradient":""}},"_joinchat":[]},"product_brand":[],"product_cat":[1582,1587,1586],"product_tag":[1138],"berocket_brand":[1338],"class_list":{"0":"post-3007","1":"product","2":"type-product","3":"status-publish","4":"has-post-thumbnail","6":"product_cat-neumaticos","7":"product_cat-quad-atv-quad-atv-neumaticos","8":"product_cat-quad-atv-neumaticos","9":"product_tag-maxxis","10":"berocket_brand-maxxis","11":"desktop-align-left","12":"tablet-align-left","13":"mobile-align-left","15":"first","16":"outofstock","17":"taxable","18":"shipping-taxable","19":"purchasable","20":"product-type-simple"},"aioseo_notices":[],"_links":{"self":[{"href":"https:\/\/lojamoto4.com\/index.php?rest_route=\/wp\/v2\/product\/3007","targetHints":{"allow":["GET"]}}],"collection":[{"href":"https:\/\/lojamoto4.com\/index.php?rest_route=\/wp\/v2\/product"}],"about":[{"href":"https:\/\/lojamoto4.com\/index.php?rest_route=\/wp\/v2\/types\/product"}],"wp:featuredmedia":[{"embeddable":true,"href":"https:\/\/lojamoto4.com\/index.php?rest_route=\/wp\/v2\/media\/1152"}],"wp:attachment":[{"href":"https:\/\/lojamoto4.com\/index.php?rest_route=%2Fwp%2Fv2%2Fmedia&parent=3007"}],"wp:term":[{"taxonomy":"product_brand","embeddable":true,"href":"https:\/\/lojamoto4.com\/index.php?rest_route=%2Fwp%2Fv2%2Fproduct_brand&post=3007"},{"taxonomy":"product_cat","embeddable":true,"href":"https:\/\/lojamoto4.com\/index.php?rest_route=%2Fwp%2Fv2%2Fproduct_cat&post=3007"},{"taxonomy":"product_tag","embeddable":true,"href":"https:\/\/lojamoto4.com\/index.php?rest_route=%2Fwp%2Fv2%2Fproduct_tag&post=3007"},{"taxonomy":"berocket_brand","embeddable":true,"href":"https:\/\/lojamoto4.com\/index.php?rest_route=%2Fwp%2Fv2%2Fberocket_brand&post=3007"}],"curies":[{"name":"wp","href":"https:\/\/api.w.org\/{rel}","templated":true}]}}