{"id":2979,"date":"2022-02-26T16:38:17","date_gmt":"2022-02-26T16:38:17","guid":{"rendered":"https:\/\/lojamoto4.com\/index.php\/produto\/pneu-goldspeed-mxr-azul-18x10-8\/"},"modified":"2026-05-13T05:03:03","modified_gmt":"2026-05-13T04:03:03","slug":"pneu-goldspeed-mxr-azul-18x10-8","status":"publish","type":"product","link":"https:\/\/lojamoto4.com\/?product=pneu-goldspeed-mxr-azul-18x10-8","title":{"rendered":"PNEU GOLDSPEED MXR AZUL 18&#215;10-8"},"content":{"rendered":"<p><!--StartFragment-->Na medida 18&#215;10-8 indicado para Quadcross, para uso em pisos m\u00e9dios e duros. Oferece uma condu\u00e7\u00e3o segura e confort\u00e1vel.\u00a0 Dispon\u00edvel com borracha \u201camarela\u201d e \u201cazul\u201d, em que a borracha com indica\u00e7\u00e3o \u201camarela\u201d \u00e9 mais dura e oferece uma boa ader\u00eancia com uma grande durabilidade. A borracha com indica\u00e7\u00e3o \u201cazul\u201d tem uma ader\u00eancia ainda superior mas uma durabilidade inferior.<\/p>\n","protected":false},"excerpt":{"rendered":"<p>Recebe entre 5 a 6 dias \u00fateis<\/p>\n","protected":false},"featured_media":1248,"template":"","meta":{"om_disable_all_campaigns":false,"site-sidebar-layout":"default","site-content-layout":"","ast-site-content-layout":"default","site-content-style":"default","site-sidebar-style":"default","ast-global-header-display":"","ast-banner-title-visibility":"","ast-main-header-display":"","ast-hfb-above-header-display":"","ast-hfb-below-header-display":"","ast-hfb-mobile-header-display":"","site-post-title":"","ast-breadcrumbs-content":"","ast-featured-img":"","footer-sml-layout":"","ast-disable-related-posts":"","theme-transparent-header-meta":"","adv-header-id-meta":"","stick-header-meta":"","header-above-stick-meta":"","header-main-stick-meta":"","header-below-stick-meta":"","astra-migrate-meta-layouts":"default","ast-page-background-enabled":"default","ast-page-background-meta":{"desktop":{"background-color":"var(--ast-global-color-4)","background-image":"","background-repeat":"repeat","background-position":"center center","background-size":"auto","background-attachment":"scroll","background-type":"","background-media":"","overlay-type":"","overlay-color":"","overlay-opacity":"","overlay-gradient":""},"tablet":{"background-color":"","background-image":"","background-repeat":"repeat","background-position":"center center","background-size":"auto","background-attachment":"scroll","background-type":"","background-media":"","overlay-type":"","overlay-color":"","overlay-opacity":"","overlay-gradient":""},"mobile":{"background-color":"","background-image":"","background-repeat":"repeat","background-position":"center center","background-size":"auto","background-attachment":"scroll","background-type":"","background-media":"","overlay-type":"","overlay-color":"","overlay-opacity":"","overlay-gradient":""}},"ast-content-background-meta":{"desktop":{"background-color":"var(--ast-global-color-5)","background-image":"","background-repeat":"repeat","background-position":"center center","background-size":"auto","background-attachment":"scroll","background-type":"","background-media":"","overlay-type":"","overlay-color":"","overlay-opacity":"","overlay-gradient":""},"tablet":{"background-color":"var(--ast-global-color-5)","background-image":"","background-repeat":"repeat","background-position":"center center","background-size":"auto","background-attachment":"scroll","background-type":"","background-media":"","overlay-type":"","overlay-color":"","overlay-opacity":"","overlay-gradient":""},"mobile":{"background-color":"var(--ast-global-color-5)","background-image":"","background-repeat":"repeat","background-position":"center center","background-size":"auto","background-attachment":"scroll","background-type":"","background-media":"","overlay-type":"","overlay-color":"","overlay-opacity":"","overlay-gradient":""}},"_joinchat":[]},"product_brand":[],"product_cat":[1582,1588,1586],"product_tag":[1137],"berocket_brand":[1337],"class_list":{"0":"post-2979","1":"product","2":"type-product","3":"status-publish","4":"has-post-thumbnail","6":"product_cat-neumaticos","7":"product_cat-quad-atv-quad-atv-neumaticos-neumaticos","8":"product_cat-quad-atv-neumaticos","9":"product_tag-goldspeed","10":"berocket_brand-goldspeed","11":"desktop-align-left","12":"tablet-align-left","13":"mobile-align-left","15":"first","16":"outofstock","17":"taxable","18":"shipping-taxable","19":"purchasable","20":"product-type-simple"},"aioseo_notices":[],"_links":{"self":[{"href":"https:\/\/lojamoto4.com\/index.php?rest_route=\/wp\/v2\/product\/2979","targetHints":{"allow":["GET"]}}],"collection":[{"href":"https:\/\/lojamoto4.com\/index.php?rest_route=\/wp\/v2\/product"}],"about":[{"href":"https:\/\/lojamoto4.com\/index.php?rest_route=\/wp\/v2\/types\/product"}],"wp:featuredmedia":[{"embeddable":true,"href":"https:\/\/lojamoto4.com\/index.php?rest_route=\/wp\/v2\/media\/1248"}],"wp:attachment":[{"href":"https:\/\/lojamoto4.com\/index.php?rest_route=%2Fwp%2Fv2%2Fmedia&parent=2979"}],"wp:term":[{"taxonomy":"product_brand","embeddable":true,"href":"https:\/\/lojamoto4.com\/index.php?rest_route=%2Fwp%2Fv2%2Fproduct_brand&post=2979"},{"taxonomy":"product_cat","embeddable":true,"href":"https:\/\/lojamoto4.com\/index.php?rest_route=%2Fwp%2Fv2%2Fproduct_cat&post=2979"},{"taxonomy":"product_tag","embeddable":true,"href":"https:\/\/lojamoto4.com\/index.php?rest_route=%2Fwp%2Fv2%2Fproduct_tag&post=2979"},{"taxonomy":"berocket_brand","embeddable":true,"href":"https:\/\/lojamoto4.com\/index.php?rest_route=%2Fwp%2Fv2%2Fberocket_brand&post=2979"}],"curies":[{"name":"wp","href":"https:\/\/api.w.org\/{rel}","templated":true}]}}