{"id":2922,"date":"2022-02-26T16:38:01","date_gmt":"2022-02-26T16:38:01","guid":{"rendered":"https:\/\/lojamoto4.com\/index.php\/produto\/pneu-bepro-2xt-22x7-10\/"},"modified":"2026-05-12T05:03:02","modified_gmt":"2026-05-12T04:03:02","slug":"pneu-bepro-2xt-22x7-10","status":"publish","type":"product","link":"https:\/\/lojamoto4.com\/?product=pneu-bepro-2xt-22x7-10","title":{"rendered":"Pneu BePro 2XT 22&#215;7-10"},"content":{"rendered":"<section class=\"s_3_column_text oe_structure mt64\"><!--StartFragment--><\/p>\n<p><!--StartFragment--><span style=\"color: black;\">Os pneus\u00a0<\/span><b style=\"color: black;\">BEPRO 2XT<\/b><span style=\"color: black;\">\u00a0foram<br \/>\ndesenvolvidos para ter m\u00e1xima de ader\u00eancia e seguran\u00e7a em\u00a0 quase todo o<br \/>\ntipo de terreno. A largura dos tacos de 50mm do pneu traseiro garantem um bom<br \/>\npoder de acelera\u00e7\u00e3o e travagem, e o \u00e2ngulo de 45\u00b0\u00a0dos tacos direcionais<br \/>\ns\u00e3o respons\u00e1veis pela excelente ader\u00eancia em curva. Com um refor\u00e7o lateral e<br \/>\numa estrutura de 6 telas, o pneu tem uma excelente durabilidade. O per\u00edmetro<br \/>\ndos pneus traseiros \u00e9 constante devido ao um rigoroso controlo de qualidade. O<br \/>\npneu\u00a0<\/span><b style=\"color: black;\">BEPRO 2XT<\/b><span style=\"color: black;\">\u00a0pode ser utilizado em todo tipo de terreno e em<br \/>\nquase quaisquer condi\u00e7\u00f5es climat\u00e9ricas.<\/span><\/p>\n<p><!--EndFragment--><\/p>\n<p><!--EndFragment--><\/p>\n<\/section>\n","protected":false},"excerpt":{"rendered":"<p>Recebe no pr\u00f3ximo dia \u00fatil (para pedidos confirmados at\u00e9 \u00e0s 16 horas)<\/p>\n","protected":false},"featured_media":7284,"template":"","meta":{"om_disable_all_campaigns":false,"site-sidebar-layout":"default","site-content-layout":"default","ast-site-content-layout":"default","site-content-style":"default","site-sidebar-style":"default","ast-global-header-display":"","ast-banner-title-visibility":"","ast-main-header-display":"","ast-hfb-above-header-display":"","ast-hfb-below-header-display":"","ast-hfb-mobile-header-display":"","site-post-title":"","ast-breadcrumbs-content":"","ast-featured-img":"","footer-sml-layout":"","ast-disable-related-posts":"","theme-transparent-header-meta":"default","adv-header-id-meta":"","stick-header-meta":"default","header-above-stick-meta":"","header-main-stick-meta":"","header-below-stick-meta":"","astra-migrate-meta-layouts":"default","ast-page-background-enabled":"default","ast-page-background-meta":{"desktop":{"background-color":"var(--ast-global-color-4)","background-image":"","background-repeat":"repeat","background-position":"center center","background-size":"auto","background-attachment":"scroll","background-type":"","background-media":"","overlay-type":"","overlay-color":"","overlay-opacity":"","overlay-gradient":""},"tablet":{"background-color":"","background-image":"","background-repeat":"repeat","background-position":"center center","background-size":"auto","background-attachment":"scroll","background-type":"","background-media":"","overlay-type":"","overlay-color":"","overlay-opacity":"","overlay-gradient":""},"mobile":{"background-color":"","background-image":"","background-repeat":"repeat","background-position":"center center","background-size":"auto","background-attachment":"scroll","background-type":"","background-media":"","overlay-type":"","overlay-color":"","overlay-opacity":"","overlay-gradient":""}},"ast-content-background-meta":{"desktop":{"background-color":"var(--ast-global-color-5)","background-image":"","background-repeat":"repeat","background-position":"center center","background-size":"auto","background-attachment":"scroll","background-type":"","background-media":"","overlay-type":"","overlay-color":"","overlay-opacity":"","overlay-gradient":""},"tablet":{"background-color":"var(--ast-global-color-5)","background-image":"","background-repeat":"repeat","background-position":"center center","background-size":"auto","background-attachment":"scroll","background-type":"","background-media":"","overlay-type":"","overlay-color":"","overlay-opacity":"","overlay-gradient":""},"mobile":{"background-color":"var(--ast-global-color-5)","background-image":"","background-repeat":"repeat","background-position":"center center","background-size":"auto","background-attachment":"scroll","background-type":"","background-media":"","overlay-type":"","overlay-color":"","overlay-opacity":"","overlay-gradient":""}},"_joinchat":[]},"product_brand":[],"product_cat":[1582,1586,1590],"product_tag":[1133],"berocket_brand":[1334],"class_list":{"0":"post-2922","1":"product","2":"type-product","3":"status-publish","4":"has-post-thumbnail","6":"product_cat-neumaticos","7":"product_cat-quad-atv-neumaticos","8":"product_cat-quad-atv-quad-atv-neumaticos-neumaticos-3","9":"product_tag-bepro","10":"berocket_brand-bepro","11":"desktop-align-left","12":"tablet-align-left","13":"mobile-align-left","15":"first","16":"instock","17":"taxable","18":"shipping-taxable","19":"purchasable","20":"product-type-simple"},"aioseo_notices":[],"_links":{"self":[{"href":"https:\/\/lojamoto4.com\/index.php?rest_route=\/wp\/v2\/product\/2922","targetHints":{"allow":["GET"]}}],"collection":[{"href":"https:\/\/lojamoto4.com\/index.php?rest_route=\/wp\/v2\/product"}],"about":[{"href":"https:\/\/lojamoto4.com\/index.php?rest_route=\/wp\/v2\/types\/product"}],"wp:featuredmedia":[{"embeddable":true,"href":"https:\/\/lojamoto4.com\/index.php?rest_route=\/wp\/v2\/media\/7284"}],"wp:attachment":[{"href":"https:\/\/lojamoto4.com\/index.php?rest_route=%2Fwp%2Fv2%2Fmedia&parent=2922"}],"wp:term":[{"taxonomy":"product_brand","embeddable":true,"href":"https:\/\/lojamoto4.com\/index.php?rest_route=%2Fwp%2Fv2%2Fproduct_brand&post=2922"},{"taxonomy":"product_cat","embeddable":true,"href":"https:\/\/lojamoto4.com\/index.php?rest_route=%2Fwp%2Fv2%2Fproduct_cat&post=2922"},{"taxonomy":"product_tag","embeddable":true,"href":"https:\/\/lojamoto4.com\/index.php?rest_route=%2Fwp%2Fv2%2Fproduct_tag&post=2922"},{"taxonomy":"berocket_brand","embeddable":true,"href":"https:\/\/lojamoto4.com\/index.php?rest_route=%2Fwp%2Fv2%2Fberocket_brand&post=2922"}],"curies":[{"name":"wp","href":"https:\/\/api.w.org\/{rel}","templated":true}]}}