{"id":2430,"date":"2022-02-25T20:05:23","date_gmt":"2022-02-25T20:05:23","guid":{"rendered":"https:\/\/lojamoto4.com\/index.php\/produto\/pack-pro-armor-corta-corrente-bracadeira\/"},"modified":"2023-12-14T03:00:12","modified_gmt":"2023-12-14T03:00:12","slug":"pack-pro-armor-corta-corrente-bracadeira","status":"publish","type":"product","link":"https:\/\/lojamoto4.com\/?product=pack-pro-armor-corta-corrente-bracadeira","title":{"rendered":"Pack PRO ARMOR Corta Corrente + Bra\u00e7adeira"},"content":{"rendered":"","protected":false},"excerpt":{"rendered":"<p>Recebe no pr\u00f3ximo dia \u00fatil (para pedidos confirmados at\u00e9 \u00e0s 16 horas)<\/p>\n","protected":false},"featured_media":1961,"template":"","meta":{"om_disable_all_campaigns":false,"site-sidebar-layout":"default","site-content-layout":"","ast-site-content-layout":"default","site-content-style":"default","site-sidebar-style":"default","ast-global-header-display":"","ast-banner-title-visibility":"","ast-main-header-display":"","ast-hfb-above-header-display":"","ast-hfb-below-header-display":"","ast-hfb-mobile-header-display":"","site-post-title":"","ast-breadcrumbs-content":"","ast-featured-img":"","footer-sml-layout":"","ast-disable-related-posts":"","theme-transparent-header-meta":"","adv-header-id-meta":"","stick-header-meta":"","header-above-stick-meta":"","header-main-stick-meta":"","header-below-stick-meta":"","astra-migrate-meta-layouts":"default","ast-page-background-enabled":"default","ast-page-background-meta":{"desktop":{"background-color":"var(--ast-global-color-4)","background-image":"","background-repeat":"repeat","background-position":"center center","background-size":"auto","background-attachment":"scroll","background-type":"","background-media":"","overlay-type":"","overlay-color":"","overlay-opacity":"","overlay-gradient":""},"tablet":{"background-color":"","background-image":"","background-repeat":"repeat","background-position":"center center","background-size":"auto","background-attachment":"scroll","background-type":"","background-media":"","overlay-type":"","overlay-color":"","overlay-opacity":"","overlay-gradient":""},"mobile":{"background-color":"","background-image":"","background-repeat":"repeat","background-position":"center center","background-size":"auto","background-attachment":"scroll","background-type":"","background-media":"","overlay-type":"","overlay-color":"","overlay-opacity":"","overlay-gradient":""}},"ast-content-background-meta":{"desktop":{"background-color":"var(--ast-global-color-5)","background-image":"","background-repeat":"repeat","background-position":"center center","background-size":"auto","background-attachment":"scroll","background-type":"","background-media":"","overlay-type":"","overlay-color":"","overlay-opacity":"","overlay-gradient":""},"tablet":{"background-color":"var(--ast-global-color-5)","background-image":"","background-repeat":"repeat","background-position":"center center","background-size":"auto","background-attachment":"scroll","background-type":"","background-media":"","overlay-type":"","overlay-color":"","overlay-opacity":"","overlay-gradient":""},"mobile":{"background-color":"var(--ast-global-color-5)","background-image":"","background-repeat":"repeat","background-position":"center center","background-size":"auto","background-attachment":"scroll","background-type":"","background-media":"","overlay-type":"","overlay-color":"","overlay-opacity":"","overlay-gradient":""}},"_joinchat":[]},"product_brand":[],"product_cat":[1094,1073,1096,1090,1074,1091,1075,1076,1095,1077,1078,1079,1065,1080,1102,1081,1082,1083,1084,1085,1098,1086,1087,1088,1099,1068,1069,1089,1072,1063,1071,1070,1064],"product_tag":[1123],"berocket_brand":[],"class_list":{"0":"post-2430","1":"product","2":"type-product","3":"status-publish","4":"has-post-thumbnail","6":"product_cat-450-505-sx-2","7":"product_cat-450-525-xc-2","8":"product_cat-diversos","9":"product_cat-ds-450-2","10":"product_cat-ds-650-2","11":"product_cat-dvx-400-2wd-2","12":"product_cat-kfx-400-2","13":"product_cat-kfx-700-2","14":"product_cat-ksf-250-mojave","15":"product_cat-lt-160-quadrunner-2","16":"product_cat-lt-50-2","17":"product_cat-ltz-250-2","18":"product_cat-ltz-400-2","19":"product_cat-ltz-400-k9-2","20":"product_cat-moto-4","21":"product_cat-outlaw-450-525-2","22":"product_cat-outlaw-500-525-2","23":"product_cat-predator-500-2","24":"product_cat-scrambler-500-2x4-4x4-2","25":"product_cat-trx-250-2","26":"product_cat-trx-300","27":"product_cat-trx-400-2","28":"product_cat-trx-700xx-2","29":"product_cat-trx-90-2","30":"product_cat-wild","31":"product_cat-yfm-250-raptor-2","32":"product_cat-yfm-350-raptor-2","33":"product_cat-yfm-350-warrior-2","34":"product_cat-yfm-660-raptor-2","35":"product_cat-yfm-700-raptor-2","36":"product_cat-yfs-200-blaster-2","37":"product_cat-yfz-350-banshee-2","38":"product_cat-yfz-450-2","39":"product_tag-diversos","40":"desktop-align-left","41":"tablet-align-left","42":"mobile-align-left","44":"first","45":"outofstock","46":"sale","47":"taxable","48":"shipping-taxable","49":"purchasable","50":"product-type-simple"},"aioseo_notices":[],"_links":{"self":[{"href":"https:\/\/lojamoto4.com\/index.php?rest_route=\/wp\/v2\/product\/2430","targetHints":{"allow":["GET"]}}],"collection":[{"href":"https:\/\/lojamoto4.com\/index.php?rest_route=\/wp\/v2\/product"}],"about":[{"href":"https:\/\/lojamoto4.com\/index.php?rest_route=\/wp\/v2\/types\/product"}],"wp:featuredmedia":[{"embeddable":true,"href":"https:\/\/lojamoto4.com\/index.php?rest_route=\/wp\/v2\/media\/1961"}],"wp:attachment":[{"href":"https:\/\/lojamoto4.com\/index.php?rest_route=%2Fwp%2Fv2%2Fmedia&parent=2430"}],"wp:term":[{"taxonomy":"product_brand","embeddable":true,"href":"https:\/\/lojamoto4.com\/index.php?rest_route=%2Fwp%2Fv2%2Fproduct_brand&post=2430"},{"taxonomy":"product_cat","embeddable":true,"href":"https:\/\/lojamoto4.com\/index.php?rest_route=%2Fwp%2Fv2%2Fproduct_cat&post=2430"},{"taxonomy":"product_tag","embeddable":true,"href":"https:\/\/lojamoto4.com\/index.php?rest_route=%2Fwp%2Fv2%2Fproduct_tag&post=2430"},{"taxonomy":"berocket_brand","embeddable":true,"href":"https:\/\/lojamoto4.com\/index.php?rest_route=%2Fwp%2Fv2%2Fberocket_brand&post=2430"}],"curies":[{"name":"wp","href":"https:\/\/api.w.org\/{rel}","templated":true}]}}