{"id":2411,"date":"2022-02-25T19:58:37","date_gmt":"2022-02-25T19:58:37","guid":{"rendered":"https:\/\/lojamoto4.com\/index.php\/produto\/mesa-s-tec-azul-22mm\/"},"modified":"2024-01-18T04:00:28","modified_gmt":"2024-01-18T04:00:28","slug":"mesa-s-tec-azul-22mm","status":"publish","type":"product","link":"https:\/\/lojamoto4.com\/?product=mesa-s-tec-azul-22mm","title":{"rendered":"Mesa S-TEC Azul 22mm"},"content":{"rendered":"","protected":false},"excerpt":{"rendered":"<p>Recebe no pr\u00f3ximo dia \u00fatil (para pedidos confirmados at\u00e9 \u00e0s 16 horas)<\/p>\n","protected":false},"featured_media":2263,"template":"","meta":{"om_disable_all_campaigns":false,"site-sidebar-layout":"default","site-content-layout":"","ast-site-content-layout":"default","site-content-style":"default","site-sidebar-style":"default","ast-global-header-display":"","ast-banner-title-visibility":"","ast-main-header-display":"","ast-hfb-above-header-display":"","ast-hfb-below-header-display":"","ast-hfb-mobile-header-display":"","site-post-title":"","ast-breadcrumbs-content":"","ast-featured-img":"","footer-sml-layout":"","ast-disable-related-posts":"","theme-transparent-header-meta":"","adv-header-id-meta":"","stick-header-meta":"","header-above-stick-meta":"","header-main-stick-meta":"","header-below-stick-meta":"","astra-migrate-meta-layouts":"default","ast-page-background-enabled":"default","ast-page-background-meta":{"desktop":{"background-color":"var(--ast-global-color-4)","background-image":"","background-repeat":"repeat","background-position":"center center","background-size":"auto","background-attachment":"scroll","background-type":"","background-media":"","overlay-type":"","overlay-color":"","overlay-opacity":"","overlay-gradient":""},"tablet":{"background-color":"","background-image":"","background-repeat":"repeat","background-position":"center center","background-size":"auto","background-attachment":"scroll","background-type":"","background-media":"","overlay-type":"","overlay-color":"","overlay-opacity":"","overlay-gradient":""},"mobile":{"background-color":"","background-image":"","background-repeat":"repeat","background-position":"center center","background-size":"auto","background-attachment":"scroll","background-type":"","background-media":"","overlay-type":"","overlay-color":"","overlay-opacity":"","overlay-gradient":""}},"ast-content-background-meta":{"desktop":{"background-color":"var(--ast-global-color-5)","background-image":"","background-repeat":"repeat","background-position":"center center","background-size":"auto","background-attachment":"scroll","background-type":"","background-media":"","overlay-type":"","overlay-color":"","overlay-opacity":"","overlay-gradient":""},"tablet":{"background-color":"var(--ast-global-color-5)","background-image":"","background-repeat":"repeat","background-position":"center center","background-size":"auto","background-attachment":"scroll","background-type":"","background-media":"","overlay-type":"","overlay-color":"","overlay-opacity":"","overlay-gradient":""},"mobile":{"background-color":"var(--ast-global-color-5)","background-image":"","background-repeat":"repeat","background-position":"center center","background-size":"auto","background-attachment":"scroll","background-type":"","background-media":"","overlay-type":"","overlay-color":"","overlay-opacity":"","overlay-gradient":""}},"_joinchat":[]},"product_brand":[],"product_cat":[1094,1073,1101,1090,1074,1091,1075,1092,1076,1077,1078,1079,1065,1080,1081,1082,1083,1084,1085,1086,1093,1087,1088,1068,1069,1089,1072,1063,1071,1070,1064,1061],"product_tag":[1122],"berocket_brand":[],"class_list":{"0":"post-2411","1":"product","2":"type-product","3":"status-publish","4":"has-post-thumbnail","6":"product_cat-450-505-sx-2","7":"product_cat-450-525-xc-2","8":"product_cat-direcao","9":"product_cat-ds-450-2","10":"product_cat-ds-650-2","11":"product_cat-dvx-400-2wd-2","12":"product_cat-kfx-400-2","13":"product_cat-kfx-450r-2","14":"product_cat-kfx-700-2","15":"product_cat-lt-160-quadrunner-2","16":"product_cat-lt-50-2","17":"product_cat-ltz-250-2","18":"product_cat-ltz-400-2","19":"product_cat-ltz-400-k9-2","20":"product_cat-outlaw-450-525-2","21":"product_cat-outlaw-500-525-2","22":"product_cat-predator-500-2","23":"product_cat-scrambler-500-2x4-4x4-2","24":"product_cat-trx-250-2","25":"product_cat-trx-400-2","26":"product_cat-trx-450r-2","27":"product_cat-trx-700xx-2","28":"product_cat-trx-90-2","29":"product_cat-yfm-250-raptor-2","30":"product_cat-yfm-350-raptor-2","31":"product_cat-yfm-350-warrior-2","32":"product_cat-yfm-660-raptor-2","33":"product_cat-yfm-700-raptor-2","34":"product_cat-yfs-200-blaster-2","35":"product_cat-yfz-350-banshee-2","36":"product_cat-yfz-450-2","37":"product_cat-yfz-450r-2","38":"product_tag-direcao","39":"desktop-align-left","40":"tablet-align-left","41":"mobile-align-left","43":"first","44":"outofstock","45":"taxable","46":"shipping-taxable","47":"purchasable","48":"product-type-simple"},"aioseo_notices":[],"_links":{"self":[{"href":"https:\/\/lojamoto4.com\/index.php?rest_route=\/wp\/v2\/product\/2411","targetHints":{"allow":["GET"]}}],"collection":[{"href":"https:\/\/lojamoto4.com\/index.php?rest_route=\/wp\/v2\/product"}],"about":[{"href":"https:\/\/lojamoto4.com\/index.php?rest_route=\/wp\/v2\/types\/product"}],"wp:featuredmedia":[{"embeddable":true,"href":"https:\/\/lojamoto4.com\/index.php?rest_route=\/wp\/v2\/media\/2263"}],"wp:attachment":[{"href":"https:\/\/lojamoto4.com\/index.php?rest_route=%2Fwp%2Fv2%2Fmedia&parent=2411"}],"wp:term":[{"taxonomy":"product_brand","embeddable":true,"href":"https:\/\/lojamoto4.com\/index.php?rest_route=%2Fwp%2Fv2%2Fproduct_brand&post=2411"},{"taxonomy":"product_cat","embeddable":true,"href":"https:\/\/lojamoto4.com\/index.php?rest_route=%2Fwp%2Fv2%2Fproduct_cat&post=2411"},{"taxonomy":"product_tag","embeddable":true,"href":"https:\/\/lojamoto4.com\/index.php?rest_route=%2Fwp%2Fv2%2Fproduct_tag&post=2411"},{"taxonomy":"berocket_brand","embeddable":true,"href":"https:\/\/lojamoto4.com\/index.php?rest_route=%2Fwp%2Fv2%2Fberocket_brand&post=2411"}],"curies":[{"name":"wp","href":"https:\/\/api.w.org\/{rel}","templated":true}]}}