{"id":16355,"date":"2024-12-18T15:31:56","date_gmt":"2024-12-18T15:31:56","guid":{"rendered":"https:\/\/lojamoto4.com\/?product=nerf-bar-eco-series-amarelo-12"},"modified":"2024-12-18T15:31:56","modified_gmt":"2024-12-18T15:31:56","slug":"nerf-bar-eco-series-amarelo-12","status":"publish","type":"product","link":"https:\/\/lojamoto4.com\/?product=nerf-bar-eco-series-amarelo-12","title":{"rendered":"Nerf Bar Eco-Series Amarelo"},"content":{"rendered":"<p>Nerf-Bar Eco\u0095 Prote\u00e7\u00e3o m\u00e1xima da prote\u00e7\u00e3o da roda da frente, seguro e est\u00e1vel.\u0095 Perfeito para inicia\u00e7\u00e3o, produto de excelente qualidade, ajustado para os seus primeiros passos nas 4 rodas.\u0095 35 mm Espessura\u0095 S\u00e9rie Iniciantes\u0095 Soldado a TIG para extra resist\u00eancia\u0095 F\u00e1cil de montar\u0095 Dispon\u00edvel em diferentes cores Marca: CrossPro Lista de aplica\u00e7\u00f5es: \u0095Kawasaki-\u00bb KFX 700 2004 , 2005 , 2006 , 2007 , 2008 , 2009 , 2010 , 2011  Local:<\/p>\n","protected":false},"excerpt":{"rendered":"<p>Nerf-Bar Eco\u0095 Prote\u00e7\u00e3o m\u00e1xima da prote\u00e7\u00e3o da roda da frente, seguro e est\u00e1vel.\u0095 Perfeito para inicia\u00e7\u00e3o, produto de excelente qualidade, ajustado para os seus primeiros passos nas 4 rodas.\u0095 35 mm Espessura\u0095 S\u00e9rie Iniciantes\u0095 Soldado a TIG para extra resist\u00eancia\u0095 F\u00e1cil de montar\u0095 Dispon\u00edvel em diferentes cores Marca: CrossPro Lista de aplica\u00e7\u00f5es: \u0095Kawasaki-\u00bb KFX 700 [&hellip;]<\/p>\n","protected":false},"featured_media":0,"template":"","meta":{"om_disable_all_campaigns":false,"site-sidebar-layout":"default","site-content-layout":"","ast-site-content-layout":"default","site-content-style":"default","site-sidebar-style":"default","ast-global-header-display":"","ast-banner-title-visibility":"","ast-main-header-display":"","ast-hfb-above-header-display":"","ast-hfb-below-header-display":"","ast-hfb-mobile-header-display":"","site-post-title":"","ast-breadcrumbs-content":"","ast-featured-img":"","footer-sml-layout":"","ast-disable-related-posts":"","theme-transparent-header-meta":"","adv-header-id-meta":"","stick-header-meta":"","header-above-stick-meta":"","header-main-stick-meta":"","header-below-stick-meta":"","astra-migrate-meta-layouts":"default","ast-page-background-enabled":"default","ast-page-background-meta":{"desktop":{"background-color":"var(--ast-global-color-4)","background-image":"","background-repeat":"repeat","background-position":"center center","background-size":"auto","background-attachment":"scroll","background-type":"","background-media":"","overlay-type":"","overlay-color":"","overlay-opacity":"","overlay-gradient":""},"tablet":{"background-color":"","background-image":"","background-repeat":"repeat","background-position":"center center","background-size":"auto","background-attachment":"scroll","background-type":"","background-media":"","overlay-type":"","overlay-color":"","overlay-opacity":"","overlay-gradient":""},"mobile":{"background-color":"","background-image":"","background-repeat":"repeat","background-position":"center center","background-size":"auto","background-attachment":"scroll","background-type":"","background-media":"","overlay-type":"","overlay-color":"","overlay-opacity":"","overlay-gradient":""}},"ast-content-background-meta":{"desktop":{"background-color":"var(--ast-global-color-5)","background-image":"","background-repeat":"repeat","background-position":"center center","background-size":"auto","background-attachment":"scroll","background-type":"","background-media":"","overlay-type":"","overlay-color":"","overlay-opacity":"","overlay-gradient":""},"tablet":{"background-color":"var(--ast-global-color-5)","background-image":"","background-repeat":"repeat","background-position":"center center","background-size":"auto","background-attachment":"scroll","background-type":"","background-media":"","overlay-type":"","overlay-color":"","overlay-opacity":"","overlay-gradient":""},"mobile":{"background-color":"var(--ast-global-color-5)","background-image":"","background-repeat":"repeat","background-position":"center center","background-size":"auto","background-attachment":"scroll","background-type":"","background-media":"","overlay-type":"","overlay-color":"","overlay-opacity":"","overlay-gradient":""}},"_joinchat":[]},"product_brand":[],"product_cat":[1690],"product_tag":[],"berocket_brand":[1686],"class_list":{"0":"post-16355","1":"product","2":"type-product","3":"status-publish","5":"product_cat-nerf-bars-quad","6":"berocket_brand-crosspro","7":"desktop-align-left","8":"tablet-align-left","9":"mobile-align-left","11":"first","12":"outofstock","13":"taxable","14":"shipping-taxable","15":"purchasable","16":"product-type-simple"},"aioseo_notices":[],"_links":{"self":[{"href":"https:\/\/lojamoto4.com\/index.php?rest_route=\/wp\/v2\/product\/16355","targetHints":{"allow":["GET"]}}],"collection":[{"href":"https:\/\/lojamoto4.com\/index.php?rest_route=\/wp\/v2\/product"}],"about":[{"href":"https:\/\/lojamoto4.com\/index.php?rest_route=\/wp\/v2\/types\/product"}],"wp:attachment":[{"href":"https:\/\/lojamoto4.com\/index.php?rest_route=%2Fwp%2Fv2%2Fmedia&parent=16355"}],"wp:term":[{"taxonomy":"product_brand","embeddable":true,"href":"https:\/\/lojamoto4.com\/index.php?rest_route=%2Fwp%2Fv2%2Fproduct_brand&post=16355"},{"taxonomy":"product_cat","embeddable":true,"href":"https:\/\/lojamoto4.com\/index.php?rest_route=%2Fwp%2Fv2%2Fproduct_cat&post=16355"},{"taxonomy":"product_tag","embeddable":true,"href":"https:\/\/lojamoto4.com\/index.php?rest_route=%2Fwp%2Fv2%2Fproduct_tag&post=16355"},{"taxonomy":"berocket_brand","embeddable":true,"href":"https:\/\/lojamoto4.com\/index.php?rest_route=%2Fwp%2Fv2%2Fberocket_brand&post=16355"}],"curies":[{"name":"wp","href":"https:\/\/api.w.org\/{rel}","templated":true}]}}