{"id":9,"date":"2022-01-25T18:50:22","date_gmt":"2022-01-25T18:50:22","guid":{"rendered":"http:\/\/lojamoto4.com\/?page_id=9"},"modified":"2024-02-24T19:40:36","modified_gmt":"2024-02-24T19:40:36","slug":"refund_returns","status":"publish","type":"page","link":"https:\/\/lojamoto4.com\/?page_id=9","title":{"rendered":"Direitos de Devolu\u00e7\u00e3o"},"content":{"rendered":"\t\t<div data-elementor-type=\"wp-page\" data-elementor-id=\"9\" class=\"elementor elementor-9\">\n\t\t\t\t\t\t<section class=\"elementor-section elementor-top-section elementor-element elementor-element-48381577 elementor-section-boxed elementor-section-height-default elementor-section-height-default\" data-id=\"48381577\" data-element_type=\"section\" data-e-type=\"section\">\n\t\t\t\t\t\t<div class=\"elementor-container elementor-column-gap-default\">\n\t\t\t\t\t<div class=\"elementor-column elementor-col-100 elementor-top-column elementor-element elementor-element-caab935\" data-id=\"caab935\" data-element_type=\"column\" data-e-type=\"column\">\n\t\t\t<div class=\"elementor-widget-wrap elementor-element-populated\">\n\t\t\t\t\t\t<div class=\"elementor-element elementor-element-600758f0 elementor-widget elementor-widget-text-editor\" data-id=\"600758f0\" data-element_type=\"widget\" data-e-type=\"widget\" data-widget_type=\"text-editor.default\">\n\t\t\t\t<div class=\"elementor-widget-container\">\n\t\t\t\t\t\t\t\t\t<p style=\"margin: 0cm 0cm 12pt;\"><span style=\"font-size:11.5pt;font-family:&quot;Arial&quot;,&quot;sans-serif&quot;; color:#5D6167\">S\u00f3 ser\u00e3o v\u00e1lidas qualquer tipo de devolu\u00e7\u00f5es ap\u00f3s acordado com a<br>\nwww.lojamoto4.com. Todas as devolu\u00e7\u00f5es efetuadas sem consentimentos da&nbsp;<\/span><span style=\"color: rgb(93, 97, 103); font-family: Arial, &quot;sans-serif&quot;; font-size: 15.3333px;\">www.lojamoto4.com<\/span><span style=\"font-size:11.5pt;font-family:&quot;Arial&quot;,&quot;sans-serif&quot;; color:#5D6167\">&nbsp;ser\u00e3o consideradas nulas e sem efeito.<o:p><\/o:p><\/span><\/p>\n<p style=\"margin: 0cm 0cm 12pt;\"><span style=\"font-size:11.5pt;font-family:&quot;Arial&quot;,&quot;sans-serif&quot;; color:#5D6167\">O cliente disp\u00f5e de 14 dias para devolver o produto ap\u00f3s a<br>\ncompra sem qualquer tipo de justifica\u00e7\u00e3o.<o:p><\/o:p><\/span><\/p>\n<p style=\"margin: 0cm 0cm 12pt;\"><span style=\"font-size:11.5pt;font-family:&quot;Arial&quot;,&quot;sans-serif&quot;; color:#5D6167\">As seguintes normas s\u00e3o obrigat\u00f3rias neste tipo de devolu\u00e7\u00e3o:<o:p><\/o:p><\/span><\/p>\n<p style=\"margin: 0cm 0cm 12pt;\"><span style=\"font-size:11.5pt;font-family:&quot;Arial&quot;,&quot;sans-serif&quot;; color:#5D6167\">\u2022 Produto intacto sem uso aparente.<o:p><\/o:p><\/span><\/p>\n<p style=\"margin: 0cm 0cm 12pt;\"><span style=\"font-size:11.5pt;font-family:&quot;Arial&quot;,&quot;sans-serif&quot;; color:#5D6167\">\u2022 Embalagem sem danos e\/ou violada.<o:p><\/o:p><\/span><\/p>\n<p><\/p>\n<p style=\"margin: 0cm 0cm 12pt;\"><span style=\"font-size:11.5pt;font-family:&quot;Arial&quot;,&quot;sans-serif&quot;; color:#5D6167\">\u2022 Custo de transporte a cargo do cliente<o:p><\/o:p><\/span><\/p>\t\t\t\t\t\t\t\t<\/div>\n\t\t\t\t<\/div>\n\t\t\t\t\t<\/div>\n\t\t<\/div>\n\t\t\t\t\t<\/div>\n\t\t<\/section>\n\t\t\t\t<\/div>\n\t\t","protected":false},"excerpt":{"rendered":"<p>S\u00f3 ser\u00e3o v\u00e1lidas qualquer tipo de devolu\u00e7\u00f5es ap\u00f3s acordado com a www.lojamoto4.com. Todas as devolu\u00e7\u00f5es efetuadas sem consentimentos da&nbsp;www.lojamoto4.com&nbsp;ser\u00e3o consideradas nulas e sem efeito. O cliente disp\u00f5e de 14 dias para devolver o produto ap\u00f3s a compra sem qualquer tipo de justifica\u00e7\u00e3o. As seguintes normas s\u00e3o obrigat\u00f3rias neste tipo de devolu\u00e7\u00e3o: \u2022 Produto intacto sem [&hellip;]<\/p>\n","protected":false},"author":1,"featured_media":0,"parent":0,"menu_order":0,"comment_status":"closed","ping_status":"closed","template":"","meta":{"om_disable_all_campaigns":false,"site-sidebar-layout":"default","site-content-layout":"","ast-site-content-layout":"default","site-content-style":"default","site-sidebar-style":"default","ast-global-header-display":"","ast-banner-title-visibility":"","ast-main-header-display":"","ast-hfb-above-header-display":"","ast-hfb-below-header-display":"","ast-hfb-mobile-header-display":"","site-post-title":"","ast-breadcrumbs-content":"","ast-featured-img":"","footer-sml-layout":"","ast-disable-related-posts":"","theme-transparent-header-meta":"","adv-header-id-meta":"","stick-header-meta":"","header-above-stick-meta":"","header-main-stick-meta":"","header-below-stick-meta":"","astra-migrate-meta-layouts":"default","ast-page-background-enabled":"default","ast-page-background-meta":{"desktop":{"background-color":"var(--ast-global-color-4)","background-image":"","background-repeat":"repeat","background-position":"center center","background-size":"auto","background-attachment":"scroll","background-type":"","background-media":"","overlay-type":"","overlay-color":"","overlay-opacity":"","overlay-gradient":""},"tablet":{"background-color":"","background-image":"","background-repeat":"repeat","background-position":"center center","background-size":"auto","background-attachment":"scroll","background-type":"","background-media":"","overlay-type":"","overlay-color":"","overlay-opacity":"","overlay-gradient":""},"mobile":{"background-color":"","background-image":"","background-repeat":"repeat","background-position":"center center","background-size":"auto","background-attachment":"scroll","background-type":"","background-media":"","overlay-type":"","overlay-color":"","overlay-opacity":"","overlay-gradient":""}},"ast-content-background-meta":{"desktop":{"background-color":"var(--ast-global-color-5)","background-image":"","background-repeat":"repeat","background-position":"center center","background-size":"auto","background-attachment":"scroll","background-type":"","background-media":"","overlay-type":"","overlay-color":"","overlay-opacity":"","overlay-gradient":""},"tablet":{"background-color":"var(--ast-global-color-5)","background-image":"","background-repeat":"repeat","background-position":"center center","background-size":"auto","background-attachment":"scroll","background-type":"","background-media":"","overlay-type":"","overlay-color":"","overlay-opacity":"","overlay-gradient":""},"mobile":{"background-color":"var(--ast-global-color-5)","background-image":"","background-repeat":"repeat","background-position":"center center","background-size":"auto","background-attachment":"scroll","background-type":"","background-media":"","overlay-type":"","overlay-color":"","overlay-opacity":"","overlay-gradient":""}},"_joinchat":[],"footnotes":""},"class_list":["post-9","page","type-page","status-publish","hentry"],"aioseo_notices":[],"_links":{"self":[{"href":"https:\/\/lojamoto4.com\/index.php?rest_route=\/wp\/v2\/pages\/9","targetHints":{"allow":["GET"]}}],"collection":[{"href":"https:\/\/lojamoto4.com\/index.php?rest_route=\/wp\/v2\/pages"}],"about":[{"href":"https:\/\/lojamoto4.com\/index.php?rest_route=\/wp\/v2\/types\/page"}],"author":[{"embeddable":true,"href":"https:\/\/lojamoto4.com\/index.php?rest_route=\/wp\/v2\/users\/1"}],"replies":[{"embeddable":true,"href":"https:\/\/lojamoto4.com\/index.php?rest_route=%2Fwp%2Fv2%2Fcomments&post=9"}],"version-history":[{"count":14,"href":"https:\/\/lojamoto4.com\/index.php?rest_route=\/wp\/v2\/pages\/9\/revisions"}],"predecessor-version":[{"id":15229,"href":"https:\/\/lojamoto4.com\/index.php?rest_route=\/wp\/v2\/pages\/9\/revisions\/15229"}],"wp:attachment":[{"href":"https:\/\/lojamoto4.com\/index.php?rest_route=%2Fwp%2Fv2%2Fmedia&parent=9"}],"curies":[{"name":"wp","href":"https:\/\/api.w.org\/{rel}","templated":true}]}}