{"id":65,"date":"2022-01-26T13:01:50","date_gmt":"2022-01-26T13:01:50","guid":{"rendered":"https:\/\/lojamoto4.com\/?page_id=65"},"modified":"2024-10-23T19:23:01","modified_gmt":"2024-10-23T18:23:01","slug":"termos-e-condicoes","status":"publish","type":"page","link":"https:\/\/lojamoto4.com\/?page_id=65","title":{"rendered":"Termos e Condi\u00e7\u00f5es"},"content":{"rendered":"\t\t<div data-elementor-type=\"wp-page\" data-elementor-id=\"65\" class=\"elementor elementor-65\">\n\t\t\t\t\t\t<section class=\"elementor-section elementor-top-section elementor-element elementor-element-8f914a5 elementor-section-boxed elementor-section-height-default elementor-section-height-default\" data-id=\"8f914a5\" data-element_type=\"section\" data-e-type=\"section\">\n\t\t\t\t\t\t<div class=\"elementor-container elementor-column-gap-default\">\n\t\t\t\t\t<div class=\"elementor-column elementor-col-100 elementor-top-column elementor-element elementor-element-d6df50b\" data-id=\"d6df50b\" data-element_type=\"column\" data-e-type=\"column\">\n\t\t\t<div class=\"elementor-widget-wrap elementor-element-populated\">\n\t\t\t\t\t\t<div class=\"elementor-element elementor-element-a969a5e elementor-widget elementor-widget-text-editor\" data-id=\"a969a5e\" data-element_type=\"widget\" data-e-type=\"widget\" data-widget_type=\"text-editor.default\">\n\t\t\t\t<div class=\"elementor-widget-container\">\n\t\t\t\t\t\t\t\t\t<p>\u00a0<\/p><section style=\"color: #5d6167; font-family: Poppins, sans-serif;\" data-id=\"b6a7dd6\" data-element_type=\"section\"><div style=\"border: 0px; font-style: inherit; font-weight: inherit; margin-top: 0px; margin-bottom: 0px; outline: 0px; padding: 0px; vertical-align: baseline;\"><div style=\"border: 0px; font-style: inherit; font-weight: inherit; margin: 0px; outline: 0px; padding: 0px; vertical-align: baseline; width: 1140px;\"><div style=\"border: 0px; font-style: inherit; font-weight: inherit; margin: 0px; outline: 0px; padding: 0px; vertical-align: baseline; width: 1140px;\" data-id=\"fd3c968\" data-element_type=\"column\"><div style=\"border: 0px; font-style: inherit; font-weight: inherit; margin: 0px; outline: 0px; padding: 0px; vertical-align: baseline; width: 1140px;\"><div style=\"border: 0px; font-style: inherit; font-weight: inherit; margin: 0px; outline: 0px; padding: 10px; vertical-align: baseline; width: 1140px;\"><div style=\"border: 0px; font-style: inherit; font-weight: inherit; margin: 0px; outline: 0px; padding: 0px; vertical-align: baseline; width: 1120px;\" data-id=\"a279b1d\" data-element_type=\"widget\" data-widget_type=\"heading.default\"><div style=\"border: 0px; font-style: inherit; font-weight: inherit; margin: 0px; outline: 0px; padding: 0px; vertical-align: baseline;\"><h2 style=\"font-size: 2.66667rem; font-weight: 500; color: #2b2f38; line-height: 1.2; font-family: Poppins, sans-serif;\"><span style=\"font-size: 15px; font-style: inherit; font-weight: inherit; color: #5d6167;\">Os termos e condi\u00e7\u00f5es de venda abaixo indicados ser\u00e3o aplicados em todas as transa\u00e7\u00f5es entre o cliente e a www.lojamoto4.com \u2013\u00a0<\/span><span style=\"font-size: 15px; font-style: inherit; font-weight: inherit; color: #5d6167; border: 0px; margin: 0px; outline: 0px; padding: 0px; vertical-align: baseline;\">Almeirim Park, Lda\u00a0<\/span><span style=\"font-size: 15px; font-style: inherit; font-weight: inherit; color: #5d6167; border: 0px; margin: 0px; outline: 0px; padding: 0px; vertical-align: baseline;\">\u00a0NIF: 506732029.<\/span><\/h2><\/div><\/div><\/div><\/div><\/div><\/div><\/div><\/section><section style=\"color: #5d6167; font-family: Poppins, sans-serif;\" data-id=\"cc40e32\" data-element_type=\"section\"><div style=\"border: 0px; font-style: inherit; font-weight: inherit; margin-top: 0px; margin-bottom: 0px; outline: 0px; padding: 0px; vertical-align: baseline;\"><div style=\"border: 0px; font-style: inherit; font-weight: inherit; margin: 0px; outline: 0px; padding: 0px; vertical-align: baseline; width: 1140px;\"><div style=\"border: 0px; font-style: inherit; font-weight: inherit; margin: 0px; outline: 0px; padding: 0px; vertical-align: baseline; width: 1140px;\" data-id=\"e4dafb1\" data-element_type=\"column\"><div style=\"border: 0px; font-style: inherit; font-weight: inherit; margin: 0px; outline: 0px; padding: 0px; vertical-align: baseline; width: 1140px;\"><div style=\"border: 0px; font-style: inherit; font-weight: inherit; margin: 0px; outline: 0px; padding: 10px; vertical-align: baseline; width: 1140px;\"><div style=\"border: 0px; font-style: inherit; font-weight: inherit; margin: 0px; outline: 0px; padding: 0px; vertical-align: baseline; width: 1120px;\" data-id=\"d8cc37e\" data-element_type=\"widget\" data-widget_type=\"text-editor.default\"><div style=\"border: 0px; font-style: inherit; font-weight: inherit; margin: 0px; outline: 0px; padding: 0px; vertical-align: baseline;\"><div style=\"border: 0px; font-style: inherit; font-weight: inherit; margin: 0px; outline: 0px; padding: 0px; vertical-align: baseline;\"><p style=\"font-size: 15px;\">Ao inscrever-se e efetuar qualquer pedido no site www.lojamot4.com aceita os termos e condi\u00e7\u00f5es de venda que neste site s\u00e3o aplic\u00e1veis.<\/p><p style=\"font-size: 15px;\">Qualquer altera\u00e7\u00e3o efetuada aos termos e condi\u00e7\u00f5es de venda, todos os clientes j\u00e1 inscritos ser\u00e3o informados dessas altera\u00e7\u00f5es.<\/p><p style=\"font-size: 15px;\">Ao n\u00e3o concordar com os termos e condi\u00e7\u00f5es de venda, impossibilita qualquer a\u00e7\u00e3o\/pedido no site\u00a0<span style=\"font-style: inherit; font-weight: inherit; font-size: 1rem;\">www.lojamot4.com<\/span><\/p><p style=\"font-size: 15px;\">Mais informa\u00e7\u00f5es sobre:<\/p><p style=\"font-size: 15px;\"><span style=\"border: 0px; font-style: inherit; font-weight: bold; margin: 0px; outline: 0px; padding: 0px; vertical-align: baseline;\"><span style=\"border: 0px; font-style: inherit; font-weight: inherit; margin: 0px; outline: 0px; padding: 0px; vertical-align: baseline; text-decoration-line: underline;\">Pre\u00e7os<\/span><\/span><\/p><p style=\"font-size: 15px;\">Os pre\u00e7os indicados no site www.lojamot4.com\u00a0s\u00e3o faturados em euros (\u20ac) e incluem IVA \u00e0 taxa legal em vigor em Portugal Continental (23%). Todos os pre\u00e7os s\u00e3o v\u00e1lidos salvo erro tipogr\u00e1fico.<\/p><p style=\"font-size: 15px;\"><span style=\"border: 0px; font-style: inherit; font-weight: inherit; margin: 0px; outline: 0px; padding: 0px; vertical-align: baseline; text-decoration-line: underline;\"><span style=\"border: 0px; font-style: inherit; font-weight: bold; margin: 0px; outline: 0px; padding: 0px; vertical-align: baseline;\">Encomendas<\/span><\/span><\/p><p style=\"font-size: 15px;\">Todas as encomendas s\u00e3o obrigatoriamente feitas online no site www.lojamot4.com\u00a0e todas ser\u00e3o confirmadas por email.<\/p><p style=\"font-size: 15px;\"><span style=\"border: 0px; font-style: inherit; font-weight: inherit; margin: 0px; outline: 0px; padding: 0px; vertical-align: baseline; text-decoration-line: underline;\"><span style=\"border: 0px; font-style: inherit; font-weight: bold; margin: 0px; outline: 0px; padding: 0px; vertical-align: baseline;\">Pagamento<\/span><\/span><\/p><p style=\"font-size: 15px;\">A www.lojadokart.com disponibiliza os seguintes meios de pagamento, a escolher pelo cliente no ato da encomenda:<\/p><p style=\"font-size: 15px;\">\u2022 Servi\u00e7o Multibanco, MBWay e cart\u00e3o de cr\u00e9dito<\/p><p style=\"font-size: 15px;\">Dependendo do m\u00e9todo de pagamento, poder\u00e3o ser cobradas taxas, indicadas no carrinho de compras em www.lojadokart.com.<\/p><p style=\"font-size: 15px;\"><span style=\"border: 0px; font-style: inherit; font-weight: inherit; margin: 0px; outline: 0px; padding: 0px; vertical-align: baseline; text-decoration-line: underline;\"><span style=\"border: 0px; font-style: inherit; font-weight: bold; margin: 0px; outline: 0px; padding: 0px; vertical-align: baseline;\">Transporte<\/span><\/span><\/p><p style=\"font-size: 15px;\">O transporte das encomendas ser\u00e1 efetuado por transportadora contratada pela www.lojamot4.com, nunca sendo o transporte feito por esta.<\/p><p style=\"font-size: 15px;\">Todos os danos inerentes ao transporte s\u00e3o da total responsabilidade da transportadora. Se na rece\u00e7\u00e3o da encomenda verificar danos no volume, mencione os mesmos na guia de remessa da transportadora e comunique \u00e0 www.lojamot4.com\u00a0no prazo m\u00e1ximo de 3 dias \u00fateis. O n\u00e3o cumprimento deste passo, em caso de danos devido ao transporte, inviabiliza qualquer indemniza\u00e7\u00e3o por parte da www.lojamot4.comt. Todas as encomendas, ap\u00f3s rece\u00e7\u00e3o de pagamento e cuja morada de entrega seja em Portugal Continental, ser\u00e3o expedidas no prazo m\u00e1ximo de 5 dias e entregues at\u00e9 \u00e0s 18h do dia seguinte, salvo atraso por parte da transportadora. Caso se verifique este atraso, contacte-nos. Para entregas nas regi\u00f5es aut\u00f3nomas (Madeira e A\u00e7ores) a entrega poder\u00e1 demorar at\u00e9 12 dias \u00fateis.<\/p><p style=\"font-size: 15px;\"><span style=\"border: 0px; font-style: inherit; font-weight: inherit; margin: 0px; outline: 0px; padding: 0px; vertical-align: baseline; text-decoration-line: underline;\"><span style=\"border: 0px; font-style: inherit; font-weight: bold; margin: 0px; outline: 0px; padding: 0px; vertical-align: baseline;\">Devolu\u00e7\u00f5es<\/span><\/span><\/p><p style=\"font-size: 15px;\">S\u00f3 ser\u00e3o v\u00e1lidas qualquer tipo de devolu\u00e7\u00f5es ap\u00f3s acordado com a Lojamoto4. Todas as devolu\u00e7\u00f5es efetuadas sem consentimentos da www.lojamot4.com\u00a0ser\u00e3o consideradas nulas e sem efeito.<\/p><p style=\"font-size: 15px;\">O cliente disp\u00f5e de 14 dias para devolver o produto ap\u00f3s a compra sem qualquer tipo de justifica\u00e7\u00e3o.<\/p><p style=\"font-size: 15px;\">As seguintes normas s\u00e3o obrigat\u00f3rias neste tipo de devolu\u00e7\u00e3o:<\/p><p style=\"font-size: 15px;\">\u2022 Produto intacto sem uso aparente.<\/p><p style=\"font-size: 15px;\">\u2022 Embalagem sem danos e\/ou violada.<\/p><p style=\"font-size: 15px;\">\u2022 Custo de transporte a cargo do cliente\u00a0<span style=\"font-style: inherit; font-weight: inherit; font-size: 1rem;\">www.lojamot4.com<\/span><\/p><\/div><\/div><\/div><\/div><\/div><\/div><\/div><\/div><\/section>\t\t\t\t\t\t\t\t<\/div>\n\t\t\t\t<\/div>\n\t\t\t\t\t<\/div>\n\t\t<\/div>\n\t\t\t\t\t<\/div>\n\t\t<\/section>\n\t\t\t\t<\/div>\n\t\t","protected":false},"excerpt":{"rendered":"<p>\u00a0 Os termos e condi\u00e7\u00f5es de venda abaixo indicados ser\u00e3o aplicados em todas as transa\u00e7\u00f5es entre o cliente e a www.lojamoto4.com \u2013\u00a0Almeirim Park, Lda\u00a0\u00a0NIF: 506732029. Ao inscrever-se e efetuar qualquer pedido no site www.lojamot4.com aceita os termos e condi\u00e7\u00f5es de venda que neste site s\u00e3o aplic\u00e1veis. Qualquer altera\u00e7\u00e3o efetuada aos termos e condi\u00e7\u00f5es de venda, [&hellip;]<\/p>\n","protected":false},"author":1,"featured_media":0,"parent":0,"menu_order":0,"comment_status":"closed","ping_status":"closed","template":"","meta":{"om_disable_all_campaigns":false,"site-sidebar-layout":"no-sidebar","site-content-layout":"page-builder","ast-site-content-layout":"default","site-content-style":"default","site-sidebar-style":"default","ast-global-header-display":"","ast-banner-title-visibility":"","ast-main-header-display":"","ast-hfb-above-header-display":"","ast-hfb-below-header-display":"","ast-hfb-mobile-header-display":"","site-post-title":"disabled","ast-breadcrumbs-content":"","ast-featured-img":"disabled","footer-sml-layout":"","ast-disable-related-posts":"","theme-transparent-header-meta":"","adv-header-id-meta":"","stick-header-meta":"","header-above-stick-meta":"","header-main-stick-meta":"","header-below-stick-meta":"","astra-migrate-meta-layouts":"default","ast-page-background-enabled":"default","ast-page-background-meta":{"desktop":{"background-color":"var(--ast-global-color-4)","background-image":"","background-repeat":"repeat","background-position":"center center","background-size":"auto","background-attachment":"scroll","background-type":"","background-media":"","overlay-type":"","overlay-color":"","overlay-opacity":"","overlay-gradient":""},"tablet":{"background-color":"","background-image":"","background-repeat":"repeat","background-position":"center center","background-size":"auto","background-attachment":"scroll","background-type":"","background-media":"","overlay-type":"","overlay-color":"","overlay-opacity":"","overlay-gradient":""},"mobile":{"background-color":"","background-image":"","background-repeat":"repeat","background-position":"center center","background-size":"auto","background-attachment":"scroll","background-type":"","background-media":"","overlay-type":"","overlay-color":"","overlay-opacity":"","overlay-gradient":""}},"ast-content-background-meta":{"desktop":{"background-color":"var(--ast-global-color-5)","background-image":"","background-repeat":"repeat","background-position":"center center","background-size":"auto","background-attachment":"scroll","background-type":"","background-media":"","overlay-type":"","overlay-color":"","overlay-opacity":"","overlay-gradient":""},"tablet":{"background-color":"var(--ast-global-color-5)","background-image":"","background-repeat":"repeat","background-position":"center center","background-size":"auto","background-attachment":"scroll","background-type":"","background-media":"","overlay-type":"","overlay-color":"","overlay-opacity":"","overlay-gradient":""},"mobile":{"background-color":"var(--ast-global-color-5)","background-image":"","background-repeat":"repeat","background-position":"center center","background-size":"auto","background-attachment":"scroll","background-type":"","background-media":"","overlay-type":"","overlay-color":"","overlay-opacity":"","overlay-gradient":""}},"_joinchat":[],"footnotes":""},"class_list":["post-65","page","type-page","status-publish","hentry"],"aioseo_notices":[],"_links":{"self":[{"href":"https:\/\/lojamoto4.com\/index.php?rest_route=\/wp\/v2\/pages\/65","targetHints":{"allow":["GET"]}}],"collection":[{"href":"https:\/\/lojamoto4.com\/index.php?rest_route=\/wp\/v2\/pages"}],"about":[{"href":"https:\/\/lojamoto4.com\/index.php?rest_route=\/wp\/v2\/types\/page"}],"author":[{"embeddable":true,"href":"https:\/\/lojamoto4.com\/index.php?rest_route=\/wp\/v2\/users\/1"}],"replies":[{"embeddable":true,"href":"https:\/\/lojamoto4.com\/index.php?rest_route=%2Fwp%2Fv2%2Fcomments&post=65"}],"version-history":[{"count":19,"href":"https:\/\/lojamoto4.com\/index.php?rest_route=\/wp\/v2\/pages\/65\/revisions"}],"predecessor-version":[{"id":15839,"href":"https:\/\/lojamoto4.com\/index.php?rest_route=\/wp\/v2\/pages\/65\/revisions\/15839"}],"wp:attachment":[{"href":"https:\/\/lojamoto4.com\/index.php?rest_route=%2Fwp%2Fv2%2Fmedia&parent=65"}],"curies":[{"name":"wp","href":"https:\/\/api.w.org\/{rel}","templated":true}]}}